{"id":100,"date":"2020-02-11T14:28:42","date_gmt":"2020-02-11T13:28:42","guid":{"rendered":"http:\/\/www.reid.mobi\/?page_id=100"},"modified":"2024-03-29T10:29:51","modified_gmt":"2024-03-29T08:29:51","slug":"impressum","status":"publish","type":"page","link":"https:\/\/www.sgmaennedorf.ch\/index.php\/impressum\/","title":{"rendered":"Impressum &#038; Datenschutz"},"content":{"rendered":"\n<p class=\"has-medium-font-size\"><strong>Impressum:<\/strong><\/p>\n\n\n\n<p><strong>Sch\u00fctzengesellschaft M\u00e4nnedorf<\/strong><\/p>\n\n\n\n<p>Schiessstand Widenbad<br>Bergstrasse  <br>8708 M\u00e4nnedorf <br>Schweiz<\/p>\n\n\n\n<p>Pr\u00e4sident: Neil Collins<br>Email: info@sgmaennedorf.ch <\/p>\n\n\n\n<p class=\"has-medium-font-size\"><strong>Datenschutz Informationen:<\/strong><\/p>\n\n\n\n<p><strong>Haftungsausschluss<\/strong><br>\nDer Inhalt dieser Webseite wurde mit gr\u00f6\u00dfter Sorgfalt, nach bestem Wissen und\nGewissen erstellt. Als Anbieter dieser Webseite \u00fcbernehmen wir keine Haftung\nf\u00fcr Vollst\u00e4ndigkeit, Richtigkeit, Aktualit\u00e4t oder Verl\u00e4sslichkeit der\nbereitgestellten Inhalte. Wir stellen die Inhalte auf der Webseite zum Abruf\nbereit. F\u00fcr die Brauchbarkeit der Inhalte \u00fcbernehmen wir keine Gew\u00e4hr<\/p>\n\n\n\n<p><strong>Urheberrechte<\/strong><br>\nInhalte auf unserer Webseite sind urheberrechtlich gesch\u00fctzt. Eine Verwertung\nunserer Inhalte bedarf einer ausdr\u00fccklichen vorherigen Zustimmung durch uns.\nDennoch kann im Rahmen des Zitatrechts aus unseren Inhalten zitiert werden,\nwenn gleichzeitig ein Link auf den vollst\u00e4ndigen Text auf unserer Webseite\ngesetzt und unsere Seite sowie (wenn angegeben) der Autor des Textes genannt\nwird. F\u00fcr den privaten Gebrauch k\u00f6nnen Kopien von unseren Werken angefertigt\nwerden, z.B. durch Ausdruck oder Download auf ein lokales Speichermedium. Eine\nVer\u00f6ffentlichung im Internet ist ausdr\u00fccklich keine private Nutzung.<\/p>\n\n\n\n<p>Links auf unsere Webseite und Unterseiten (so genannte Deep\nLinks) sind jederzeit und ohne vorherige Einwilligung m\u00f6glich.<\/p>\n\n\n\n<p><strong>Zugriffsdaten<\/strong><strong><br>\n<\/strong>F\u00fcr registrierte Benutzer (Vereinsmitglieder) mit\nLogin werden folgende Zugriffsdaten gespeichert:- &#8211; Benutzer ID, Datum\nund&nbsp;Zeit des Login.<br>\n<br>\nZus\u00e4tzlich f\u00fcr Benutzer mit erweiterten Rechten:<br>\n&#8211; Ver\u00e4nderungen an der Webseite, der Dokumente, Termine, Mail, und f\u00fcr die\nVereinsadministration notwendigen Werkzeuge.<\/p>\n\n\n\n<p><strong>Registrierung<\/strong><br>\nSie k\u00f6nnen sich \u00fcber unserer Webseite als interessierte Person an unserem\nVerein&nbsp;registrieren. Im Rahmen des Registrierungsprozesses erheben und\nverarbeiten wir folgende Daten:<br>\nE-Mail Adresse, Vorname, Nachname, Adresse.<br>\nDiese Daten werden verarbeitet, um damit eine Liste zu erstellen \u00fcber m\u00f6gliche\nneue Vereinsmitglieder. Ihnen die erforderlichen Informationen zukommen zu\nlassen und Kontakt mit Ihnen aufzunehmen.<br>\nIhre Daten bleiben so lange gespeichert, wie Ihre provisorische oder aktive\nMitgliedschaft besteht und\/oder diese aus Abrechnungsgr\u00fcnden ben\u00f6tigt werden\n(z.B. rechtliche Aufbewahrungsfristen).<br>\nDie Daten werden nicht an unberechtigte oder Adressammler \u00fcbermittelt.<\/p>\n\n\n\n<p><strong>Cookies<\/strong><br>\nEs werden nach unseren&nbsp;Wissen&nbsp;keine Cookies erstellt.<\/p>\n\n\n\n<p><strong>Verschl\u00fcsselung<\/strong><br>\nSie erkennen dies daran, dass auf der Statusleiste Ihres Browsers das\nSchloss-Symbol geschlossen ist und die Adresszeile mit https:\/\/ beginnt. Wir\nverzichten auf eine Verschl\u00fcsselung, wenn Sie lediglich allgemein verf\u00fcgbare\nInformationen auf unserer Webseite abrufen.<\/p>\n\n\n\n<p><strong>Anfrage- und Kontaktformular<\/strong><br>\nSie k\u00f6nnen sich \u00fcber ein Kontaktformular jederzeit mit Fragen oder Anregungen\nan uns wenden. Um Ihre Fragen beantworten oder Ihnen eine R\u00fcckmeldung zukommen\nlassen zu k\u00f6nnen, ben\u00f6tigen wir folgende Angaben: Name, Vorname, Adresse und\nE-Mail-Adresse, optional Ihre Handy- oder Telefon Nr. . Diese Daten verwenden\nwir ausschlie\u00dflich f\u00fcr die o.g. Zwecke.<\/p>\n\n\n\n<p><br>\n<strong>Analyseprogramme<\/strong>Es werden keine Analyseprogramme verwendet.<\/p>\n\n\n\n<p><strong>Social Plugins<\/strong><strong><br>\n<\/strong>Wir&nbsp;verwenden auf unserer Webseite direkt keine\nSocial Plugins.&nbsp;<\/p>\n\n\n\n<p><strong>Datenschutzverantwortlicher<\/strong><br>\nM\u00f6chten Sie Auskunft \u00fcber&nbsp;Ihre personenbezogenen Daten, oder\ndiese&nbsp;gel\u00f6scht haben wenden Sie sich bitte an\nuns.<\/p>\n\n\n\n<p><strong>Fremde Inhalte<\/strong><br>\nWird auf Seiten unseres Webauftritt Inhalte Dritter (z.B. YouTube Videos oder\nVideos anderer Anbieter, Google-Maps, RSS-Feeds o.\u00c4.) eingebunden sein, k\u00f6nnen\nAnbieter dieser Inhalte auf ihrem Rechner gespeichert werden; i.d.R. Cockies\nauf dem Rechner der Nutzer. Dies k\u00f6nnen Sie durch entsprechende Einstellungen\nIhres Browsers verhindern, was jedoch zur Folge haben kann, dass diese Inhalte\nnicht korrekt angezeigt werden.<br>\nDar\u00fcber hinaus speichern viele (Dritt-)Anbieter die IP-Adresse der Nutzer, um\ndie entsprechenden Inhalte an den Browser des Nutzers senden zu k\u00f6nnen. Auf die\nVerwendung der IP-Adresse beim (Dritt-)Anbieter haben wir leider keinen\nEinfluss.<\/p>\n","protected":false},"excerpt":{"rendered":"<p>Impressum: Sch\u00fctzengesellschaft M\u00e4nnedorf Schiessstand WidenbadBergstrasse 8708 M\u00e4nnedorf Schweiz Pr\u00e4sident: Neil CollinsEmail: info@sgmaennedorf.ch Datenschutz Informationen: Haftungsausschluss Der Inhalt dieser Webseite wurde&hellip;<\/p>\n","protected":false},"author":1,"featured_media":0,"parent":0,"menu_order":0,"comment_status":"closed","ping_status":"closed","template":"","meta":{"ngg_post_thumbnail":0,"footnotes":""},"class_list":["post-100","page","type-page","status-publish","hentry"],"_links":{"self":[{"href":"https:\/\/www.sgmaennedorf.ch\/index.php\/wp-json\/wp\/v2\/pages\/100","targetHints":{"allow":["GET"]}}],"collection":[{"href":"https:\/\/www.sgmaennedorf.ch\/index.php\/wp-json\/wp\/v2\/pages"}],"about":[{"href":"https:\/\/www.sgmaennedorf.ch\/index.php\/wp-json\/wp\/v2\/types\/page"}],"author":[{"embeddable":true,"href":"https:\/\/www.sgmaennedorf.ch\/index.php\/wp-json\/wp\/v2\/users\/1"}],"replies":[{"embeddable":true,"href":"https:\/\/www.sgmaennedorf.ch\/index.php\/wp-json\/wp\/v2\/comments?post=100"}],"version-history":[{"count":1,"href":"https:\/\/www.sgmaennedorf.ch\/index.php\/wp-json\/wp\/v2\/pages\/100\/revisions"}],"predecessor-version":[{"id":997,"href":"https:\/\/www.sgmaennedorf.ch\/index.php\/wp-json\/wp\/v2\/pages\/100\/revisions\/997"}],"wp:attachment":[{"href":"https:\/\/www.sgmaennedorf.ch\/index.php\/wp-json\/wp\/v2\/media?parent=100"}],"curies":[{"name":"wp","href":"https:\/\/api.w.org\/{rel}","templated":true}]}}