{"id":167,"date":"2020-02-11T16:30:40","date_gmt":"2020-02-11T15:30:40","guid":{"rendered":"http:\/\/www.reid.mobi\/?page_id=167"},"modified":"2025-05-06T15:01:08","modified_gmt":"2025-05-06T13:01:08","slug":"uber-uns","status":"publish","type":"page","link":"https:\/\/www.sgmaennedorf.ch\/index.php\/uber-uns\/","title":{"rendered":"\u00dcber Uns"},"content":{"rendered":"\t\t<div data-elementor-type=\"wp-page\" data-elementor-id=\"167\" class=\"elementor elementor-167\">\n\t\t\t\t\t\t<section class=\"elementor-section elementor-top-section elementor-element elementor-element-1049134 elementor-section-boxed elementor-section-height-default elementor-section-height-default\" data-id=\"1049134\" data-element_type=\"section\" data-e-type=\"section\">\n\t\t\t\t\t\t<div class=\"elementor-container elementor-column-gap-default\">\n\t\t\t\t\t<div class=\"elementor-column elementor-col-100 elementor-top-column elementor-element elementor-element-4c5ae557\" data-id=\"4c5ae557\" data-element_type=\"column\" data-e-type=\"column\">\n\t\t\t<div class=\"elementor-widget-wrap elementor-element-populated\">\n\t\t\t\t\t\t<div class=\"elementor-element elementor-element-5410419a elementor-widget elementor-widget-text-editor\" data-id=\"5410419a\" data-element_type=\"widget\" data-e-type=\"widget\" data-widget_type=\"text-editor.default\">\n\t\t\t\t<div class=\"elementor-widget-container\">\n\t\t\t\t\t\t\t\t\t<p><\/p>\n<p>Wir sind ein Sportsch\u00fctzenverein, der in der Disziplin 300m Gewehr nach den Vorschriften der Schweizer Armee und des Schweizer Schiesssportverbandes SSV schiesst.<\/p>\n<p><\/p>\n<p><\/p>\n<p>Wir nehmen an internen Wettk\u00e4mpfen innerhalb des Clubs, an Wettk\u00e4mpfen gegen andere Vereine in der Region sowie auf kantonaler und nationaler Ebene teil.<\/p>\n<p><\/p>\n<p><\/p>\n<p>Unterst\u00fctzt werden wir von der Gemeinde M\u00e4nnedorf, die das Sch\u00fctzenhaus, den Schiessstand und die technische Infrastruktur wie die elektronische Scheibenanlage zur Verf\u00fcgung stellt und unterh\u00e4lt.<\/p>\n<p><\/p>\n<p><\/p>\n<p>Als Gegenleistung f\u00fcr diese Unterst\u00fctzung veranstaltet der Verein an zwei Tagen pro Jahr im Mai das Feldschiessen und an vier Tagen im Jahr das Obligatorische Schiessen f\u00fcr das Schweizer Milit\u00e4r. F\u00fcr diese Tage werden jeweils ca. 10 Vereinsmitglieder ben\u00f6tigt, die sich ehrenamtlich engagieren, um einen reibungslosen Ablauf der Veranstaltungen zu gew\u00e4hrleisten. Diese Anl\u00e4sse finden entweder am Samstag- oder am Donnerstagabend statt und dauern etwa vier Stunden. Alle Vereinsmitglieder sind verpflichtet, an mindestens vier von sechs dieser Tage freiwillig mitzumachen.<\/p>\n<p><\/p>\n<p><\/p>\n<p>Der Verein wird von einem f\u00fcnfk\u00f6pfigen Vorstand gef\u00fchrt, der sich um die Mitgliederwerbung, die Durchf\u00fchrung der eidgen\u00f6ssischen Schiessprogramme (Feldschiessen und Obligatorisches Programm), die Zusammenarbeit mit der Gemeinde und der Schweizer Armee, Weiterbildung der Sch\u00fctzenmeistern, die Teilnahme an Bezirk und kantonalen Schiessverb\u00e4nden, die Finanzen, die Munitionskontrolle und die Stube k\u00fcmmert.<\/p>\n<p><\/p>\n<p><\/p>\n<p>Wir haben in der Regel etwa 25 bis 30 Schiesstage pro Jahr, meist am Donnerstagabend oder Samstags. Mit R\u00fccksicht auf unsere Nachbarn dauert jeder Schiesstermin in der Regel zwei Stunden . W\u00e4hrend des Schiessens sind die Mitglieder abwechselnd f\u00fcr den Aufbau des Schiessstandes, den Munitionsverkauf, die Schiessaufsicht (nur Sch\u00fctzenmeister) und die Bewirtschaftung der Stube zust\u00e4ndig. Die Stube ist w\u00e4hrend und nach dem Schiessen ge\u00f6ffnet und wir grillieren wenn das Wetter es zul\u00e4sst.<\/p>\n<p><\/p>\n<p><\/p>\n<p>Der Verein halten jedes Jahr im Februar eine Generalversammlung ab, um \u00fcber Vorstandsernennungen, \u00c4nderungen der Wettbewerbsregeln, gr\u00f6ssere Ausgaben, neue Mitgliedschaften und Schiessdaten f\u00fcr die kommende Saison zu bestimmen und Nachtessen in feierlichen Rahmen.<\/p>\n<p><\/p>\n<p><\/p>\n<p>Am Ende jeder Saison veranstaltet der Verein ein Absenden mit Preisverleihung.<\/p>\n<p><\/p>\n<p><\/p>\n<p>Unsere Stube steht den Mitgliedern das ganze Jahr \u00fcber f\u00fcr private Feiern etc. zur Verf\u00fcgung.<\/p>\n<p><\/p>\n<p><\/p>\n<p>Der j\u00e4hrliche Mitgliedsbeitrag betr\u00e4gt derzeit CHF 50.<\/p>\n<p><\/p>\n<p><\/p>\n<p style=\"color: #147ddf; font-size: 18px;\">Interessierte neue Mitglieder sind herzlich eingeladen, an einer unserer Schiessveranstaltungen in M\u00e4nnedorf teilzunehmen. Eine Voranmeldung ist erw\u00fcnscht, aber nicht erforderlich. Sie k\u00f6nnen<strong> <a href=\"https:\/\/www.sgmaennedorf.ch\/index.php\/contact\/\">hier<\/a><\/strong> mit uns Kontakt aufnehmen.<\/p>\n<p><\/p>\n<p><\/p>\n<h3 class=\"wp-block-heading\">Schiessveranstaltungen<\/h3>\n<p><\/p>\n<p><\/p>\n<p style=\"font-size: 18px;\">Unsere Schiesssaison dauert normalerweise von April bis Oktober.<\/p>\n<p><\/p>\n<p><\/p>\n<p style=\"font-size: 18px;\">Zus\u00e4tzlich zum Obligatorischen Schiessen und Feldschiessen veranstalten wir w\u00e4hrend der Saison viele interne Wettbewerbe mit einem Preisverleihungsabendessen zum Saisonende.<\/p>\n<p><\/p>\n<p><\/p>\n<h3 class=\"wp-block-heading\">Schiessanlage<\/h3>\n<p><\/p>\n<p><\/p>\n<p style=\"font-size: 18px;\">Distanz 300m. Wir haben 10 vollelektronische SIUS Scheiben. Die geschossenen Resultate werden zus\u00e4tzlich auf Monitore oberhalb des Sch\u00fctzenl\u00e4gers \u00fcbertragen.<\/p>\n<p><\/p>\n<p><\/p>\n<p style=\"font-size: 18px;\">Zu den erlaubten Waffen geh\u00f6ren: Karabiner 31, Sturmgewehr 57 + 90, Standardgewehr und Sportgewehr mit GP11- oder GP90-Munition.<\/p>\n<p><\/p>\n<p><\/p>\n<h3 class=\"wp-block-heading\">Sch\u00fctzenstube<\/h3>\n<p><\/p>\n<p><\/p>\n<p style=\"font-size: 18px;\">Unsere gem\u00fctliche und einladende Sch\u00fctzenstube bietet Platz f\u00fcr bis zu 20 Personen. W\u00e4hrend des Trainingsbetriebs, ist die Sch\u00fctzenstube f\u00fcr alle ge\u00f6ffnet und es sind heisse und kalte alkoholische und nicht-alkoholische Getr\u00e4nke erh\u00e4ltlich.<\/p>\n<p><\/p>\n<p><\/p>\n<h3 class=\"wp-block-heading\">Anfahrt<\/h3>\n<p><\/p>\n<p><\/p>\n<p style=\"font-size: 18px;\"><strong>Schiessstand Widenbad<\/strong>, Bergstrasse 280 , 8708 M\u00e4nnedorf\u00a0(Koordinaten 47\u00b015&#8217;43.44&#8243;N 8\u00b042&#8217;40.83&#8243;E ).<\/p>\n<p><\/p>\n<p><\/p>\n<p style=\"font-size: 18px;\">Mit \u00d6V &#8211; Bus 940 &#8211; Haltestelle &#171;M\u00e4nnedorf Widenbad&#187;.<\/p>\n<p><\/p>\n<p><\/p>\n<p style=\"font-size: 18px;\">Mit Auto &#8211; Bergstrasse (oberhalb Restaurant Widenbad in Richtung Oetwil a.S.) . (Parkpl\u00e4tze f\u00fcr bis zu 25 Autos).<\/p>\n<p><\/p>\n<p><\/p>\n<figure><img decoding=\"async\" src=\"http:\/\/www.reid.mobi\/wp-content\/uploads\/2020\/02\/stand-aussen.jpg\" alt=\"\" \/><\/figure>\n<p><\/p>\n<p><br \/><iframe style=\"border: 0;\" tabindex=\"0\" src=\"https:\/\/www.google.com\/maps\/embed?pb=!1m18!1m12!1m3!1d748.9216780191243!2d8.71144366946761!3d47.26210112188824!2m3!1f0!2f0!3f0!3m2!1i1024!2i768!4f13.1!3m3!1m2!1s0x479ab01ba56fffff%3A0xc51e8016c8c67ed8!2sSchiessplatz%20M%C3%A4nnedorf!5e0!3m2!1sen!2sch!4v1589557036958!5m2!1sen!2sch\" width=\"600\" height=\"450\" frameborder=\"0\" allowfullscreen=\"allowfullscreen\" aria-hidden=\"false\"><\/iframe><\/p>\n<h3>Verordnungen<\/h3>\n<p><\/p>\n<p><\/p>\n<p><\/p>\n<p><\/p>\n<p>Die im Verein zugelassenen Waffen sind Schweizer Ordonnanzgewehre sowie Sportgewehre mit denselben Kalibern.<\/p>\n<p><\/p>\n<p><\/p>\n<p>Als Munition sind die beiden Kaliber GP90 (5,6 mm) und GP11 (7,5 mm) zugelassen.<\/p>\n<p><\/p>\n<p><\/p>\n<p>Die Sicherheit der Vereinsmitglieder wird von Sch\u00fctzenmeistern kontrolliert, die von der Schweizer Armee ausgebildet wurden und deren Befehlen jederzeit Folge zu leisten ist.<\/p>\n<p><\/p>\n<p><\/p>\n<p>Schweizer Staatsangeh\u00f6rige und Inhaber einer C-Bewilligung (ausgenommen Staatsangeh\u00f6rige von Serbien, Bosnien und Herzegowina, Kosovo, Mazedonien, T\u00fcrkei, Sri Lanka, Algerien, Albanien) sind berechtigt, eine Waffe zu erwerben. Ein Strafregisterauszug und eine Identit\u00e4tskarte sind erforderlich, und wenn es sich um eine halbautomatische Waffe handelt, ist eine kantonale Ausnahmebewilligung oder ein Waffenerwerbsschein erforderlich. Der Verein kann neuen Mitgliedern bei der Beantragung der Genehmigung helfen.<\/p>\n<p><\/p>\n<p><\/p>\n<p>Der Verein wird nur aktiven Sportsch\u00fctzen den Erwerb von Waffen erm\u00f6glichen. Wenn der Vorstand den Verdacht hat, dass eine Person dem Verein nur beigetreten ist, um eine Waffe zu erwerben, aber nicht im Verein mitmacht oder an Wettk\u00e4mpfen teilnimmt, wird dies der Polizei gemeldet, die die Erlaubnis widerrufen und die Waffen beschlagnahmen kann. Wir sind auch verpflichtet, alle Vereinsmitglieder zu melden, bei denen wir den Verdacht haben, dass sie eine Gefahr f\u00fcr sich selbst oder andere darstellen k\u00f6nnten.<\/p>\n<p><\/p>\n<p><\/p>\n<p><strong>Die vier Sicherheitsregeln m\u00fcssen jederzeit beachtet werden:<\/strong><\/p>\n<p><\/p>\n<p><\/p>\n<ol class=\"wp-block-list\" type=\"1\">\n<li>Alle Waffen sind immer als geladen zu betrachten, bis man sich selbst durch die Pers\u00f6nliche Sicherheitskontronnle, bzw. durch eine Entladekontrolle vom Gegenteil \u00fcberzeugt hat.<\/li>\n<\/ol>\n<p><\/p>\n<p><\/p>\n<ul class=\"wp-block-list\">\n<li>Nie eine Waffe auf etwas richten, das man nicht treffen will.<\/li>\n<\/ul>\n<p><\/p>\n<p><\/p>\n<ul class=\"wp-block-list\">\n<li>Solange die Visiervorrichtung nicht auf das Ziel gerichtet ist, ist der Zeigefinger ausserhalb des Abzugsb\u00fcgels zu halten.<\/li>\n<\/ul>\n<p><\/p>\n<p><\/p>\n<ul class=\"wp-block-list\">\n<li>Seines Zieles sicher sein.<\/li>\n<\/ul>\n<p><\/p>\n<p><\/p>\n<p>Die Munition wird von der Schweizer Armee zu subventionierten Preisen zur Verf\u00fcgung gestellt. Die Kosten betragen CHF 0.40 pro Schuss und die Munition darf nicht zu Hause gelagert werden. Wenn Sie Vereinsmunition kaufen und diese an diesem Tag nicht verwenden, wird sie f\u00fcr Sie im Tresor des Vereins aufbewahrt.<\/p>\n<p><\/p>\t\t\t\t\t\t\t\t<\/div>\n\t\t\t\t<\/div>\n\t\t\t\t\t<\/div>\n\t\t<\/div>\n\t\t\t\t\t<\/div>\n\t\t<\/section>\n\t\t\t\t<\/div>\n\t\t","protected":false},"excerpt":{"rendered":"<p>Wir sind ein Sportsch\u00fctzenverein, der in der Disziplin 300m Gewehr nach den Vorschriften der Schweizer Armee und des Schweizer Schiesssportverbandes&hellip;<\/p>\n","protected":false},"author":1,"featured_media":206,"parent":0,"menu_order":0,"comment_status":"closed","ping_status":"closed","template":"","meta":{"ngg_post_thumbnail":0,"footnotes":""},"class_list":["post-167","page","type-page","status-publish","has-post-thumbnail","hentry"],"_links":{"self":[{"href":"https:\/\/www.sgmaennedorf.ch\/index.php\/wp-json\/wp\/v2\/pages\/167","targetHints":{"allow":["GET"]}}],"collection":[{"href":"https:\/\/www.sgmaennedorf.ch\/index.php\/wp-json\/wp\/v2\/pages"}],"about":[{"href":"https:\/\/www.sgmaennedorf.ch\/index.php\/wp-json\/wp\/v2\/types\/page"}],"author":[{"embeddable":true,"href":"https:\/\/www.sgmaennedorf.ch\/index.php\/wp-json\/wp\/v2\/users\/1"}],"replies":[{"embeddable":true,"href":"https:\/\/www.sgmaennedorf.ch\/index.php\/wp-json\/wp\/v2\/comments?post=167"}],"version-history":[{"count":13,"href":"https:\/\/www.sgmaennedorf.ch\/index.php\/wp-json\/wp\/v2\/pages\/167\/revisions"}],"predecessor-version":[{"id":1072,"href":"https:\/\/www.sgmaennedorf.ch\/index.php\/wp-json\/wp\/v2\/pages\/167\/revisions\/1072"}],"wp:featuredmedia":[{"embeddable":true,"href":"https:\/\/www.sgmaennedorf.ch\/index.php\/wp-json\/wp\/v2\/media\/206"}],"wp:attachment":[{"href":"https:\/\/www.sgmaennedorf.ch\/index.php\/wp-json\/wp\/v2\/media?parent=167"}],"curies":[{"name":"wp","href":"https:\/\/api.w.org\/{rel}","templated":true}]}}