{"id":194,"date":"2020-02-11T17:41:13","date_gmt":"2020-02-11T15:41:13","guid":{"rendered":"http:\/\/www.reid.mobi\/?page_id=194"},"modified":"2026-02-24T15:35:19","modified_gmt":"2026-02-24T13:35:19","slug":"obligatorisches-schiessen","status":"publish","type":"page","link":"https:\/\/www.sgmaennedorf.ch\/index.php\/obligatorisches-schiessen\/","title":{"rendered":"Obligatorisches Schiessen 2026"},"content":{"rendered":"\n<h4 class=\"wp-block-heading\">Bundes\u00fcbungen 2026<\/h4>\n\n\n\n<p><\/p>\n\n\n\n<figure class=\"wp-block-table\"><table><tbody><tr><td>Samstag<\/td><td>23. Mai<\/td><td>09:00 &#8211; 12:00<\/td><td>OP 1. Schiesstag<\/td><\/tr><tr><td>Donnerstag <\/td><td>18. Juni<\/td><td>17:00 &#8211; 20:00<\/td><td>OP 2. Schiesstag<\/td><\/tr><tr><td>Donnerstag<\/td><td>06. August<\/td><td>17:00 &#8211; 20:00<\/td><td>OP 3. Schiesstag<\/td><\/tr><tr><td>Samstag<\/td><td>29. August<\/td><td>09:00 &#8211; 12:00<\/td><td>OP 4. Schiesstag<\/td><\/tr><\/tbody><\/table><\/figure>\n\n\n\n<p>Die Anmeldung befindet sich im Geb\u00e4ude des Pistolenclubs auf der linken Seite. Die Registrierung wird 30 Minuten vor Ende des Schiessens geschlossen. Bitte stellen Sie sicher, dass Sie rechtzeitig kommen.<\/p>\n\n\n\n<h4 class=\"wp-block-heading\">Obligatorische Schiessprogramm<\/h4>\n\n\n\n<ul class=\"wp-block-list\"><li>5 Schuss Einzelfeuer Scheibe A5 <\/li><li>5 Schuss Einzelfeuer Scheibe B4  <\/li><li>1 x 2 Schuss Kurzfeuer Scheibe B4 <\/li><li>1 x 3 Schuss Kurzfeuer Scheibe B4 <\/li><li>1 x 5 Schuss Schnellfeuer Scheibe B4 <\/li><\/ul>\n\n\n\n<p>Die Teilnahme ist ausgenommen der Probesch\u00fcsse kostenlos. Das Programm gilt als erf\u00fcllt bei Erreichen von mindestens 42 Punkten und h\u00f6chstens 3 Nullern. Verbliebene Schiesspflichtige k\u00f6nnen das Programm sofort auf eigene Kosten wiederholen. Die Best\u00e4tigung f\u00fcr das Absolvieren der Bundes\u00fcbung wird unmittelbar nach dem Schiessen in den milit\u00e4rischen Leistungsausweis bzw. das Schiessb\u00fcchlein eingetragen. F\u00fcr Resultate \u00fcber 66 Punkte (Veteranen und Jungsch\u00fctzen 64 Punkte) wird eine Anerkennungskarte abgegeben. <\/p>\n\n\n\n<p><strong>Zur Erf\u00fcllung der Schiesspflicht unbedingt mitbringen:<\/strong><\/p>\n\n\n\n<ul class=\"wp-block-list\"><li>Dienstb\u00fcchlein<\/li><li>Schiessb\u00fcchlein oder milit\u00e4rischer Leistungsausweis<\/li><li>Aufforderung zur Erf\u00fcllung der Schiesspflicht (mit Klebeetiketten)<\/li><li>Pers\u00f6nliche Dienstwaffe<\/li><li>Geh\u00f6rschutz (sofern vorhanden)<\/li><li>Geld f\u00fcr den Kauf von Probesch\u00fcssen (falls erforderlich)<\/li><\/ul>\n\n\n\n<h4 class=\"wp-block-heading\">Schiesspflichtig sind:<\/h4>\n\n\n\n<p>Subalternoffiziere, Unteroffiziere und Angeh\u00f6rige der Mannschaft, die als am Sturmgewehr ausgebildet gelten, erf\u00fcllen im Jahr nach der Absolvierung der Rekrutenschule bis zum Ende des Jahres vor der Entlassung aus der Milit\u00e4rdienstpflicht und Abr\u00fcstung, j\u00e4hrlich eine obligatorische und ausserdienstliche Schiess\u00fcbung mit der pers\u00f6nlichen Waffe.<\/p>\n\n\n\n<p>Subalternoffiziere (Lt\/Oblt) der mit dem Sturmgewehr ausger\u00fcsteten Truppengattungen und Dienstzweige k\u00f6nnen zwischen dem Obligatorischen Programm 300 Meter (Stgw) oder 25 Meter (Pistole) w\u00e4hlen. Bestehen Sie die Schiesspflicht auf die Distanz 25&nbsp;Meter nicht, so m\u00fcssen sie das obligatorische Programm 300&nbsp;Meter schiessen. Schiesspflichtige Angeh\u00f6rige der Armee, welche ihre Dienstpflicht im Durchdienermodell abgeschlossen haben, bleiben anschliessend w\u00e4hrend drei Jahren schiesspflichtig und werden im vierten Jahr abger\u00fcstet und entlassen.&nbsp;<\/p>\n\n\n\n<h3 class=\"wp-block-heading\">Wer ist von der Schiesspflicht ausgenommen<\/h3>\n\n\n\n<ul class=\"wp-block-list\"><li>Armeeangeh\u00f6rige, welche 2026 aus der Milit\u00e4rdienstpflicht entlassen werden;<\/li><li>Rekruten, die im laufenden Jahr ihre Rekrutenschule bestehen oder beenden;<\/li><li>Subalternoffiziere des Psychologisch-P\u00e4dagogischen Dienstes der Armee (PPD);<\/li><li>Subalternoffiziere der Milit\u00e4rjustiz;<\/li><li>Angeh\u00f6rige der Armee, die nicht als am Sturmgewehr ausgebildet gelten;<\/li><li>das milit\u00e4rische Personal des Armeeaufkl\u00e4rungsdetachementes 10;<\/li><li>Subalternoffiziere in der Funktion Arzt (Az und Vet Az);<\/li><li>das milit\u00e4rische Personal der milit\u00e4rischen Sicherheit;<\/li><li>Angeh\u00f6rige der Fallschirmaufkl\u00e4rer Kompanie 17.<\/li><\/ul>\n\n\n\n<p>&nbsp;<\/p>\n\n\n\n<h3 class=\"wp-block-heading\">Wer ist von der Schiesspflicht dispensiert<\/h3>\n\n\n\n<ul class=\"wp-block-list\"><li>Schiesspflichtige, die im betreffenden Jahr mindestens 45 Tage besoldeten Milit\u00e4rdienst leisten;<\/li><li>Schiesspflichtige, die im betreffenden Jahr mindestens 45 Tage Ausbildung oder Einsatz f\u00fcr die Friedensf\u00f6rderung, die St\u00e4rkung der Menschenrechte oder die humanit\u00e4re Hilfe leisten;<\/li><li>Schiesspflichtige, die vor dem 1. August einen Auslandurlaub erhalten haben sowie Milit\u00e4rdienstpflichtige, die aus dem Auslandurlaub zur\u00fcckkehren und erst nach dem 31. Juli wieder mit der pers\u00f6nlichen Waffe ausger\u00fcstet werden;<\/li><li>Schiesspflichtige, deren pers\u00f6nliche Waffe nach Artikel 17 der Verordnung vom 21.11.2018 \u00fcber die pers\u00f6nliche Ausr\u00fcstung der Armeeangeh\u00f6rigen vorsorglich abgenommen wurde und die diese erst nach dem 31. Juli zur\u00fcckerhalten;<\/li><li>Milit\u00e4rdienstpflichtige, die wieder in der Armee eingeteilt werden und erst nach dem 31. Juli wieder mit der pers\u00f6nlichen Waffe ausger\u00fcstet worden sind;<\/li><li>die von einer medizinischen Untersuchungskommission (UC) Dispensierten, sofern die Dispensation nach dem 31. Juli abl\u00e4uft;<\/li><li>die von der Milit\u00e4rbeh\u00f6rde des Wohnortkantons wegen Freiheitsentzug oder Krankheit Dispensierte, sofern die Dispensation&nbsp;nach dem 31. Juli abl\u00e4uft;<\/li><li>Schiesspflichtige, die wegen Dienstverweigerung in Strafuntersuchung oder im Strafvollzug stehen;<\/li><li>Schiesspflichtige, die ein Gesuch um waffenlosen Milit\u00e4rdienst eingereicht haben, bis \u00fcber das Gesuch rechtskr\u00e4ftig entschieden&nbsp;ist;<\/li><li>Schiesspflichtige, die ein Gesuch um Zulassung zum Zivildienst eingereicht haben, bis \u00fcber das Gesuch rechtskr\u00e4ftig entschieden ist.<\/li><\/ul>\n\n\n\n<h3 class=\"wp-block-heading\">Erf\u00fcllung der Schiesspflicht (Obligatorisches Programm)<\/h3>\n\n\n\n<ul class=\"wp-block-list\"><li>Die Schiesspflicht muss in einem in der ganzen Schweiz anerkannten Schiessverein bis am 30. September 2026 erf\u00fcllt werden (siehe Schiessdaten im Internet, www.zh.ch). Die anerkannten Schiessvereine f\u00fchren zwischen Anfang April und Ende September obligatorische Schiess\u00fcbungen durch;<\/li><li>Die Bundes\u00fcbungen (Obligatorisches Programm, Feldschiessen) der gleichen Waffenart m\u00fcssen im selben Jahr, aber nicht im gleichen Schiessverein geschossen werden;<\/li><li>die Schiesspflicht gilt als erf\u00fcllt, wenn der Schiesspflichtige die vorgeschriebene Anzahl Patronen, mit seiner pers\u00f6nlichen Waffe gezielt verschossen hat;<\/li><li>als Mindestleistung werden 42 Punkte auf 300 Meter und 120 Punkte auf 25 Meter verlangt, wobei nicht mehr als drei Nullen geschossen werden d\u00fcrfen;<\/li><li>Schiesspflichtige, die diese Mindestleistung nicht erbracht haben, k\u00f6nnen das obligatorische Programm h\u00f6chstens zweimal im gleichen Schiessverein, ausgenommen bei einem Wohnortswechsel, wiederholen (Kaufmunition);<\/li><li>die Erf\u00fcllung der ausserdienstlichen Schiesspflicht im WK ist nicht m\u00f6glich.<\/li><\/ul>\n\n\n\n<h4 class=\"wp-block-heading\">Grundlage und Ziele<\/h4>\n\n\n\n<p>Die Verordnung \u00fcber das Schiesswesen ausser Dienst reglementiert die Mittel, den Umgang mit Waffen und Munition, und beschreibt die verfolgten Ziele. Das Schiesswesen ausser Dienst hat den Erfordernissen der Armee zu gen\u00fcgen und erf\u00fcllt im Interesse der Landesverteidigung folgende Zwecke:<\/p>\n\n\n\n<ul class=\"wp-block-list\"><li>Es erg\u00e4nzt und entlastet die Schiessausbildung an der pers\u00f6nlichen Waffe in den milit\u00e4rischen Schulen und Kursen.<\/li><li> Es erh\u00e4lt die Schiessfertigkeit und f\u00f6rdert das Pr\u00e4zisionsschiessen der Angeh\u00f6rigen der Armee ausser Dienst.<\/li><li> Es f\u00f6rdert die Weiterbildung der Sch\u00fctzinnen und Sch\u00fctzen in besonderen Ausbildungskursen.<\/li><li> Es erm\u00f6glicht die \u00dcberpr\u00fcfung der Funktionst\u00fcchtigkeit der pers\u00f6nlichen Waffe.<\/li><li> Es f\u00f6rdert das freiwillige Schiessen.<\/li><\/ul>\n\n\n\n<p><\/p>\n","protected":false},"excerpt":{"rendered":"<p>Bundes\u00fcbungen 2026 Samstag 23. Mai 09:00 &#8211; 12:00 OP 1. Schiesstag Donnerstag 18. Juni 17:00 &#8211; 20:00 OP 2. Schiesstag&hellip;<\/p>\n","protected":false},"author":3,"featured_media":0,"parent":0,"menu_order":0,"comment_status":"closed","ping_status":"closed","template":"","meta":{"ngg_post_thumbnail":0,"footnotes":""},"class_list":["post-194","page","type-page","status-publish","hentry"],"_links":{"self":[{"href":"https:\/\/www.sgmaennedorf.ch\/index.php\/wp-json\/wp\/v2\/pages\/194","targetHints":{"allow":["GET"]}}],"collection":[{"href":"https:\/\/www.sgmaennedorf.ch\/index.php\/wp-json\/wp\/v2\/pages"}],"about":[{"href":"https:\/\/www.sgmaennedorf.ch\/index.php\/wp-json\/wp\/v2\/types\/page"}],"author":[{"embeddable":true,"href":"https:\/\/www.sgmaennedorf.ch\/index.php\/wp-json\/wp\/v2\/users\/3"}],"replies":[{"embeddable":true,"href":"https:\/\/www.sgmaennedorf.ch\/index.php\/wp-json\/wp\/v2\/comments?post=194"}],"version-history":[{"count":7,"href":"https:\/\/www.sgmaennedorf.ch\/index.php\/wp-json\/wp\/v2\/pages\/194\/revisions"}],"predecessor-version":[{"id":1081,"href":"https:\/\/www.sgmaennedorf.ch\/index.php\/wp-json\/wp\/v2\/pages\/194\/revisions\/1081"}],"wp:attachment":[{"href":"https:\/\/www.sgmaennedorf.ch\/index.php\/wp-json\/wp\/v2\/media?parent=194"}],"curies":[{"name":"wp","href":"https:\/\/api.w.org\/{rel}","templated":true}]}}