{"id":336,"date":"2020-02-14T14:56:15","date_gmt":"2020-02-14T12:56:15","guid":{"rendered":"http:\/\/www.reid.mobi\/?page_id=336"},"modified":"2026-02-24T15:37:18","modified_gmt":"2026-02-24T13:37:18","slug":"feldschiessen-2020","status":"publish","type":"page","link":"https:\/\/www.sgmaennedorf.ch\/index.php\/programme\/feldschiessen-2020\/","title":{"rendered":"Feldschiessen 2026"},"content":{"rendered":"\n<p>Das Eidgen\u00f6ssische Feldschiessen wird wiederum auf unserem Stand Widenbad &#8211;<br>oberhalb M\u00e4nnedorf durchgef\u00fchrt. Als fr\u00fchere Teilnehmerin \/ Teilnehmer m\u00f6chten wir Sie ganz herzlich einladen, dieses Schiessprogramm zu absolvieren. Gerade jetzt ist es wichtig, dass dieser Anlass von m\u00f6glichst vielen Teilnehmern und Teilnehmerinnen absolviert wird. Mit einer hohen Teilnehmerzahl markieren wir den Stellenwert der Sch\u00fctzen und Sch\u00fctzinnen in unserem Land.<\/p>\n\n\n\n<p><strong>Donnerstag, 28. Mai 202<\/strong>6<\/p>\n\n\n\n<ul id=\"block-4e6c4a01-f78e-4930-8302-33405abe75c5\" class=\"has-normal-font-size wp-block-list\"><li>Anmeldung ge\u00f6ffnet ab 17:30<\/li><li>Schiesszeiten: 18:00 \u2013 20:00<\/li><li>Bar &amp; Grill \u2013 17:00 bis 20:30<\/li><\/ul>\n\n\n\n<p><strong>Samstag, 30. Mai 2026<\/strong><\/p>\n\n\n\n<ul class=\"has-normal-font-size wp-block-list\"><li>Anmeldung ge\u00f6ffnet ab 08:30<\/li><li>Schiesszeiten: 09:00 \u2013 12:00<\/li><li>Bar &amp; Grill \u2013 08:30 bis 14:00<\/li><\/ul>\n\n\n\n<p><br>Motivieren Sie auch Ihre Familienangeh\u00f6rigen, Nachbarn oder Bekannten f\u00fcr die gemeinsame Teilnahme. Offen f\u00fcr alle Schweizer B\u00fcrger*innen und Ausl\u00e4nder*innen (Ausl\u00e4nder*innen brauchen ein Kantonsbewilligung zur Teilnahme an Bundes\u00fcbungen). Die Teilnahme ist f\u00fcr alle Schweizer B\u00fcrger kostenlos, andere Nationalit\u00e4ten (mit Bewilligung) m\u00fcssen Sfr. 7.20 f\u00fcr Munition bezahlen. <\/p>\n\n\n\n<p>Alle Teilnehmer erhalten einen Bon f\u00fcr ein kostenloses W\u00fcrst vom Grill. <\/p>\n\n\n\n<p>Es ist keine Schiesserfahrung erforderlich und die Waffen werden bei Bedarf zur Verf\u00fcgung gestellt. Wo gew\u00fcnscht, helfen unsere erfahrenen Sch\u00fctzenmeister gerne mit guten Ratschl\u00e4gen aus. <\/p>\n\n\n\n<p>Teilnahmeberechtigt sind Sch\u00fctzinnen und Sch\u00fctzen, die im Wettkampfjahr das 10. Altersjahr erreichen (Jahrgangs-Prinzip). Teilnehmende Nicht-Vereinsmitglieder werden administrativ dem Verein zugewiesen, bei dem sie das Feldschiessen schiessen. Teilnehmende, die nicht am Gewehr oder an der Pistole ausgebildet sind, m\u00fcssen durch einen ausgebildeten Betreuer betreut werden.<\/p>\n\n\n\n<p><br>Nach erfolgter Anmeldung im 50 Meter Schiessstand erfolgt die Einteilung in Abl\u00f6sungen auf dem Vorplatz.<\/p>\n\n\n\n<p>Parkpl\u00e4tze sind gen\u00fcgend vorhanden.<\/p>\n\n\n\n<p><br>Haben wir Ihr Interesse geweckt? Wir hoffen es und freuen uns, Sie bald bei uns begr\u00fcssen zu d\u00fcrfen.<\/p>\n\n\n\n<figure class=\"wp-block-table\"><table><tbody><tr><td><strong>Programm 300m<\/strong><\/td><td><\/td><td><\/td><\/tr><tr><td><\/td><td><\/td><td><\/td><\/tr><tr><td>6 Schuss Einzelfeuer<\/td><td>Scheibe B4<\/td><td>in 6 Minuten<\/td><\/tr><tr><td>3 Schuss Kurzfeuer<\/td><td>Scheibe B4<\/td><td>in 60 Sekunden<\/td><\/tr><tr><td>3 Schuss Kurzfeuer<\/td><td>Scheibe B4<\/td><td>in 60 Sekunden<\/td><\/tr><tr><td>6 Schuss Schnellfeuer<\/td><td>Scheibe B4<\/td><td>in 60 Sekunden<\/td><\/tr><\/tbody><\/table><\/figure>\n\n\n\n<p><\/p>\n","protected":false},"excerpt":{"rendered":"<p>Das Eidgen\u00f6ssische Feldschiessen wird wiederum auf unserem Stand Widenbad &#8211;oberhalb M\u00e4nnedorf durchgef\u00fchrt. Als fr\u00fchere Teilnehmerin \/ Teilnehmer m\u00f6chten wir Sie&hellip;<\/p>\n","protected":false},"author":3,"featured_media":0,"parent":66,"menu_order":0,"comment_status":"closed","ping_status":"closed","template":"","meta":{"ngg_post_thumbnail":0,"footnotes":""},"class_list":["post-336","page","type-page","status-publish","hentry"],"_links":{"self":[{"href":"https:\/\/www.sgmaennedorf.ch\/index.php\/wp-json\/wp\/v2\/pages\/336","targetHints":{"allow":["GET"]}}],"collection":[{"href":"https:\/\/www.sgmaennedorf.ch\/index.php\/wp-json\/wp\/v2\/pages"}],"about":[{"href":"https:\/\/www.sgmaennedorf.ch\/index.php\/wp-json\/wp\/v2\/types\/page"}],"author":[{"embeddable":true,"href":"https:\/\/www.sgmaennedorf.ch\/index.php\/wp-json\/wp\/v2\/users\/3"}],"replies":[{"embeddable":true,"href":"https:\/\/www.sgmaennedorf.ch\/index.php\/wp-json\/wp\/v2\/comments?post=336"}],"version-history":[{"count":13,"href":"https:\/\/www.sgmaennedorf.ch\/index.php\/wp-json\/wp\/v2\/pages\/336\/revisions"}],"predecessor-version":[{"id":1083,"href":"https:\/\/www.sgmaennedorf.ch\/index.php\/wp-json\/wp\/v2\/pages\/336\/revisions\/1083"}],"up":[{"embeddable":true,"href":"https:\/\/www.sgmaennedorf.ch\/index.php\/wp-json\/wp\/v2\/pages\/66"}],"wp:attachment":[{"href":"https:\/\/www.sgmaennedorf.ch\/index.php\/wp-json\/wp\/v2\/media?parent=336"}],"curies":[{"name":"wp","href":"https:\/\/api.w.org\/{rel}","templated":true}]}}