{"id":494,"date":"2020-05-15T17:18:54","date_gmt":"2020-05-15T15:18:54","guid":{"rendered":"http:\/\/www.sgmaennedorf.ch\/?page_id=494"},"modified":"2026-04-30T16:38:45","modified_gmt":"2026-04-30T14:38:45","slug":"home","status":"publish","type":"page","link":"https:\/\/www.sgmaennedorf.ch\/","title":{"rendered":"Sch\u00fctzengesellschaft M\u00e4nnedorf"},"content":{"rendered":"\n<p style=\"font-size:21px\"><strong>Schiessdaten 2026<\/strong><\/p>\n\n\n\n<p>Die Schiesssaison 2026 r\u00fcckt schnell n\u00e4her und wir freuen uns darauf, Sie in unserem Verein begr\u00fcssen zu d\u00fcrfen<\/p>\n\n\n\n<p>Am Training Tagen sind wir auch offen f\u00fcr Interessierte, keine Schiesserfahrung erforderlich. Ausbildung und Waffen sind vorhanden, Ausweis erforderlich. Eine vorherige Anmeldung ist erw\u00fcnscht, aber nicht erforderlich unter <a href=\"mailto:info@sgmaennedorf.ch\">info@sgmaennedorf.ch<\/a><\/p>\n\n\n<a href=\"https:\/\/www.sgmaennedorf.ch\/wp-content\/uploads\/2026\/02\/SGMaennedorf-Schiessdaten-2026.pdf\" class=\"pdfemb-viewer\" style=\"\" data-width=\"max\" data-height=\"max\" data-toolbar=\"bottom\" data-toolbar-fixed=\"off\">SGMaennedorf-Schiessdaten-2026<\/a>\n\n\n<div class=\"wp-block-file\"><a href=\"https:\/\/www.sgmaennedorf.ch\/wp-content\/uploads\/2026\/02\/SGMaennedorf-Schiessdaten-2026.pdf\">SGMaennedorf Schiessdaten 2026<\/a><a href=\"https:\/\/www.sgmaennedorf.ch\/wp-content\/uploads\/2026\/02\/SGMaennedorf-Schiessdaten-2026.pdf\" class=\"wp-block-file__button wp-element-button\" download>Herunterladen<\/a><\/div>\n\n\n\n<p><\/p>\n","protected":false},"excerpt":{"rendered":"<p>Schiessdaten 2026 Die Schiesssaison 2026 r\u00fcckt schnell n\u00e4her und wir freuen uns darauf, Sie in unserem Verein begr\u00fcssen zu d\u00fcrfen&hellip;<\/p>\n","protected":false},"author":3,"featured_media":0,"parent":0,"menu_order":0,"comment_status":"closed","ping_status":"closed","template":"","meta":{"ngg_post_thumbnail":0,"footnotes":""},"class_list":["post-494","page","type-page","status-publish","hentry"],"_links":{"self":[{"href":"https:\/\/www.sgmaennedorf.ch\/index.php\/wp-json\/wp\/v2\/pages\/494","targetHints":{"allow":["GET"]}}],"collection":[{"href":"https:\/\/www.sgmaennedorf.ch\/index.php\/wp-json\/wp\/v2\/pages"}],"about":[{"href":"https:\/\/www.sgmaennedorf.ch\/index.php\/wp-json\/wp\/v2\/types\/page"}],"author":[{"embeddable":true,"href":"https:\/\/www.sgmaennedorf.ch\/index.php\/wp-json\/wp\/v2\/users\/3"}],"replies":[{"embeddable":true,"href":"https:\/\/www.sgmaennedorf.ch\/index.php\/wp-json\/wp\/v2\/comments?post=494"}],"version-history":[{"count":30,"href":"https:\/\/www.sgmaennedorf.ch\/index.php\/wp-json\/wp\/v2\/pages\/494\/revisions"}],"predecessor-version":[{"id":1096,"href":"https:\/\/www.sgmaennedorf.ch\/index.php\/wp-json\/wp\/v2\/pages\/494\/revisions\/1096"}],"wp:attachment":[{"href":"https:\/\/www.sgmaennedorf.ch\/index.php\/wp-json\/wp\/v2\/media?parent=494"}],"curies":[{"name":"wp","href":"https:\/\/api.w.org\/{rel}","templated":true}]}}